{"id":9,"date":"2023-08-05T17:41:09","date_gmt":"2023-08-05T15:41:09","guid":{"rendered":"http:\/\/www.louezmoi.es\/?page_id=9"},"modified":"2025-06-17T17:53:10","modified_gmt":"2025-06-17T15:53:10","slug":"beaux-portfolios-pour-des-creatifs-exceptionnels","status":"publish","type":"page","link":"https:\/\/www.twentyone.be\/","title":{"rendered":"Une vue imprenable sur la mer du nord."},"content":{"rendered":"\n<p class=\"has-text-align-center\"><center><span style=\"font-family: arial, helvetica, sans-serif; font-size: 14pt; color: #000080;\">Situ\u00e9 en bord de mer, notre appartement est \u00e0 20m des dunes, sans route ni digue.<\/span><br><span style=\"font-family: arial, helvetica, sans-serif; font-size: 14pt; color: #000080;\">Un vaste parking (payant) est situ\u00e9 au pied de l&rsquo;immeuble<\/span><br><span style=\"font-family: arial, helvetica, sans-serif; font-size: 14pt; color: #000080;\">Vous pourrez b\u00e9n\u00e9ficier de 2 terrasses situ\u00e9es Sud-est (c\u00f4t\u00e9 dunes) et Nord-ouest (c\u00f4t\u00e9 mer)<\/span><\/center><\/p>\n\n\n\n<div style=\"height:0px\" aria-hidden=\"true\" class=\"wp-block-spacer\"><\/div>\n\n\n\n<div class=\"wp-block-group alignfull has-background has-global-padding is-layout-constrained wp-block-group-is-layout-constrained\" style=\"background-color:#e5e9ec\">\n<div class=\"wp-block-columns is-layout-flex wp-container-core-columns-is-layout-28f84493 wp-block-columns-is-layout-flex\">\n<div class=\"wp-block-column is-vertically-aligned-center is-layout-flow wp-block-column-is-layout-flow\">\n<h2 class=\"wp-block-heading\"><span style=\"font-family: arial, helvetica, sans-serif; font-size: 18pt; color: #000080;\">La r\u00e9gion<\/span><\/h2>\n\n\n\n<p><span style=\"font-family: arial, helvetica, sans-serif; font-size: 14pt; color: #000080;\">La commune d&rsquo;Ostduinkerke se situe entre Koksijde et Nieupoort en flandre occidentale.<\/span><br \/><span style=\"font-family: arial, helvetica, sans-serif; font-size: 14pt; color: #000080;\">Vous trouverez \u00e0 proximit\u00e9 des visites culturelles, artistiques, r\u00e9cr\u00e9atives&#8230;<\/span><br \/><span style=\"font-family: arial, helvetica, sans-serif; font-size: 14pt; color: #000080;\">A voir : P\u00eacheurs aux crevettes \u00e0 cheval, Mus\u00e9e Delvaux, Navigo, Abdijmuseum Ten Duinen, R\u00e9serves naturelles, Plopsaland, Golf Ter Hille, Port de Nieupoort, Brugge, &#8230;<\/span>\n<br \/><center><iframe scrolling=\"no\" width=\"334\" height =\"200\" frameborder=\"0\" marginwidth=\"0\" marginheight=\"0\" src=\"https:\/\/www.meteo.be\/services\/widget\/.?postcode=8670&#038;nbDay=2&#038;type=4&#038;lang=fr&#038;bgImageId=1&#038;bgColor=567cd2&#038;scrolChoice=0&#038;colorTempMax=A5D6FF&#038;colorTempMin=ffffff\"><\/iframe> &nbsp;&nbsp;&nbsp;&nbsp;&nbsp;&nbsp;<iframe loading=\"lazy\" allow=autoplay width=\"356\" height=\"200\" src=\"https:\/\/www.youtube.com\/embed\/wqWoNyCAvss?si=sMjOBkaG3_udoenh?rel=0&amp;autoplay=1\" title=\"Oostduinkerke\" frameborder=\"0\" allow=\"autoplay; allow=\"accelerometer; autoplay; clipboard-write; encrypted-media; gyroscope; picture-in-picture; web-share\" referrerpolicy=\"strict-origin-when-cross-origin\" allowfullscreen><\/iframe>\n<\/center><\/p>\n\n\n\n<figure class=\"wp-block-image size-full is-resized\"><img loading=\"lazy\" decoding=\"async\" width=\"651\" height=\"557\" src=\"https:\/\/www.twentyone.be\/wp-content\/uploads\/2024\/04\/cote.png\" alt=\"\" class=\"wp-image-298\" style=\"width:auto;height:350px\" srcset=\"https:\/\/www.twentyone.be\/wp-content\/uploads\/2024\/04\/cote.png 651w, https:\/\/www.twentyone.be\/wp-content\/uploads\/2024\/04\/cote-300x257.png 300w\" sizes=\"auto, (max-width: 651px) 100vw, 651px\" \/>&nbsp;&nbsp;&nbsp;&nbsp;&nbsp;&nbsp;&nbsp;&nbsp;&nbsp;<img loading=\"lazy\" decoding=\"async\" width=\"776\" height=\"491\" src=\"https:\/\/www.twentyone.be\/wp-content\/uploads\/2024\/04\/map.png\" alt=\"\" class=\"wp-image-300\" style=\"width:auto;height:350px\" srcset=\"https:\/\/www.twentyone.be\/wp-content\/uploads\/2024\/04\/map.png 776w, https:\/\/www.twentyone.be\/wp-content\/uploads\/2024\/04\/map-300x190.png 300w\" sizes=\"auto, (max-width: 776px) 100vw, 776px\" \/><\/figure>\n<\/div>\n<\/div>\n<\/div>\n\n\n\n<p><\/p>\n\n\n\n<div class=\"wp-block-group alignfull is-layout-flow wp-block-group-is-layout-flow\">\n<div class=\"wp-block-columns are-vertically-aligned-center is-layout-flex wp-container-core-columns-is-layout-28f84493 wp-block-columns-is-layout-flex\">\n<div class=\"wp-block-column is-vertically-aligned-center is-layout-flow wp-block-column-is-layout-flow\">\n<figure class=\"wp-block-image size-full\"><img loading=\"lazy\" decoding=\"async\" width=\"2000\" height=\"1600\" src=\"https:\/\/www.twentyone.be\/wp-content\/uploads\/2024\/04\/3-La-facade-Koksijde-C.Kerzerho_2000_c.jpg\" alt=\"\" class=\"wp-image-301\" srcset=\"https:\/\/www.twentyone.be\/wp-content\/uploads\/2024\/04\/3-La-facade-Koksijde-C.Kerzerho_2000_c.jpg 2000w, https:\/\/www.twentyone.be\/wp-content\/uploads\/2024\/04\/3-La-facade-Koksijde-C.Kerzerho_2000_c-300x240.jpg 300w, https:\/\/www.twentyone.be\/wp-content\/uploads\/2024\/04\/3-La-facade-Koksijde-C.Kerzerho_2000_c-1024x819.jpg 1024w\" sizes=\"auto, (max-width: 2000px) 100vw, 2000px\" \/><\/figure>\n<\/div>\n\n\n\n<div class=\"wp-block-column is-vertically-aligned-center is-layout-flow wp-block-column-is-layout-flow\">\n<h2 class=\"wp-block-heading\"><span style=\"font-family: arial, helvetica, sans-serif; color: #000080;\">Notre appartement<\/span><\/h2>\n\n\n\n<p><span style=\"font-family: arial, helvetica, sans-serif; font-size: 14pt; color: #000080;\">Situ\u00e9 en bout de digue et \u00e0 quelques pas de la mer, au 4\u00e8me \u00e9tage, avec une superficie de 80m2, il est compos\u00e9 de : 1 hall d&rsquo;entr\u00e9e, 1 chambres, 1 salle de bain, un wc, une cuisine enti\u00e8rement \u00e9quip\u00e9e avec passe plat, un living\/salle \u00e0 manger, et deux terrasses c\u00f4t\u00e9 mer et c\u00f4t\u00e9 dunes.<\/span><\/p>\n\n\n\n<div class=\"wp-block-buttons is-layout-flex wp-block-buttons-is-layout-flex\"><\/div>\n<\/div>\n<\/div>\n<\/div>\n\n\n\n<div class=\"wp-block-group alignfull has-black-background-color has-background has-global-padding is-layout-constrained wp-block-group-is-layout-constrained\">\n<h2 class=\"wp-block-heading has-text-align-center has-white-color has-text-color\"><strong>A voir&#8230;<\/strong><\/h2>\n\n\n\n<figure class=\"wp-block-gallery aligncenter has-nested-images columns-default is-cropped wp-block-gallery-1 is-layout-flex wp-block-gallery-is-layout-flex\">\n<figure class=\"wp-block-image size-large\"><img loading=\"lazy\" decoding=\"async\" width=\"1024\" height=\"686\" data-id=\"248\" src=\"https:\/\/www.twentyone.be\/wp-content\/uploads\/2023\/11\/2751-Garnaalvisserij-te-paard-in-Oostduinkerke-1024x686.jpg\" alt=\"\" class=\"wp-image-248\" srcset=\"https:\/\/www.twentyone.be\/wp-content\/uploads\/2023\/11\/2751-Garnaalvisserij-te-paard-in-Oostduinkerke-1024x686.jpg 1024w, https:\/\/www.twentyone.be\/wp-content\/uploads\/2023\/11\/2751-Garnaalvisserij-te-paard-in-Oostduinkerke-300x201.jpg 300w, https:\/\/www.twentyone.be\/wp-content\/uploads\/2023\/11\/2751-Garnaalvisserij-te-paard-in-Oostduinkerke-768x514.jpg 768w, https:\/\/www.twentyone.be\/wp-content\/uploads\/2023\/11\/2751-Garnaalvisserij-te-paard-in-Oostduinkerke.jpg 1072w\" sizes=\"auto, (max-width: 1024px) 100vw, 1024px\" \/><\/figure>\n\n\n\n<figure class=\"wp-block-image size-full\"><img loading=\"lazy\" decoding=\"async\" width=\"600\" height=\"500\" data-id=\"303\" src=\"https:\/\/www.twentyone.be\/wp-content\/uploads\/2024\/04\/58-TER-HILLE-24sept18-\u00a9-Pascale-Vandewalle-_53A9125_web.jpg\" alt=\"\" class=\"wp-image-303\" srcset=\"https:\/\/www.twentyone.be\/wp-content\/uploads\/2024\/04\/58-TER-HILLE-24sept18-\u00a9-Pascale-Vandewalle-_53A9125_web.jpg 600w, https:\/\/www.twentyone.be\/wp-content\/uploads\/2024\/04\/58-TER-HILLE-24sept18-\u00a9-Pascale-Vandewalle-_53A9125_web-300x250.jpg 300w\" sizes=\"auto, (max-width: 600px) 100vw, 600px\" \/><\/figure>\n\n\n\n<figure class=\"wp-block-image size-full\"><img loading=\"lazy\" decoding=\"async\" width=\"800\" height=\"579\" data-id=\"304\" src=\"https:\/\/www.twentyone.be\/wp-content\/uploads\/2024\/04\/plopsaland-la-panne-photo-resort.jpg\" alt=\"\" class=\"wp-image-304\" srcset=\"https:\/\/www.twentyone.be\/wp-content\/uploads\/2024\/04\/plopsaland-la-panne-photo-resort.jpg 800w, https:\/\/www.twentyone.be\/wp-content\/uploads\/2024\/04\/plopsaland-la-panne-photo-resort-300x217.jpg 300w\" sizes=\"auto, (max-width: 800px) 100vw, 800px\" \/><\/figure>\n\n\n\n<figure class=\"wp-block-image size-full\"><img loading=\"lazy\" decoding=\"async\" width=\"600\" height=\"450\" data-id=\"305\" src=\"https:\/\/www.twentyone.be\/wp-content\/uploads\/2024\/04\/abijmuseum_ten_duinen-sofhie_legein_-_gemeente_koksijde-2921.jpg\" alt=\"\" class=\"wp-image-305\" srcset=\"https:\/\/www.twentyone.be\/wp-content\/uploads\/2024\/04\/abijmuseum_ten_duinen-sofhie_legein_-_gemeente_koksijde-2921.jpg 600w, https:\/\/www.twentyone.be\/wp-content\/uploads\/2024\/04\/abijmuseum_ten_duinen-sofhie_legein_-_gemeente_koksijde-2921-300x225.jpg 300w\" sizes=\"auto, (max-width: 600px) 100vw, 600px\" \/><\/figure>\n\n\n\n<figure class=\"wp-block-image size-full\"><img loading=\"lazy\" decoding=\"async\" width=\"800\" height=\"800\" data-id=\"306\" src=\"https:\/\/www.twentyone.be\/wp-content\/uploads\/2024\/04\/21-logo300dpiblanc.png\" alt=\"\" class=\"wp-image-306\" srcset=\"https:\/\/www.twentyone.be\/wp-content\/uploads\/2024\/04\/21-logo300dpiblanc.png 800w, https:\/\/www.twentyone.be\/wp-content\/uploads\/2024\/04\/21-logo300dpiblanc-300x300.png 300w, https:\/\/www.twentyone.be\/wp-content\/uploads\/2024\/04\/21-logo300dpiblanc-150x150.png 150w\" sizes=\"auto, (max-width: 800px) 100vw, 800px\" \/><\/figure>\n\n\n\n<figure class=\"wp-block-image size-large\"><img loading=\"lazy\" decoding=\"async\" width=\"1024\" height=\"683\" data-id=\"307\" src=\"https:\/\/www.twentyone.be\/wp-content\/uploads\/2024\/04\/Bruges-\u00a9-Pieter-D-1024x683.jpg\" alt=\"\" class=\"wp-image-307\" srcset=\"https:\/\/www.twentyone.be\/wp-content\/uploads\/2024\/04\/Bruges-\u00a9-Pieter-D-1024x683.jpg 1024w, https:\/\/www.twentyone.be\/wp-content\/uploads\/2024\/04\/Bruges-\u00a9-Pieter-D-300x200.jpg 300w, https:\/\/www.twentyone.be\/wp-content\/uploads\/2024\/04\/Bruges-\u00a9-Pieter-D.jpg 1200w\" sizes=\"auto, (max-width: 1024px) 100vw, 1024px\" \/><\/figure>\n<\/figure>\n<\/div>\n","protected":false},"excerpt":{"rendered":"<p>Situ\u00e9 en bord de mer, notre appartement est \u00e0 20m des dunes, sans route ni digue.Un vaste parking (payant) est situ\u00e9 au pied de l&rsquo;immeubleVous pourrez b\u00e9n\u00e9ficier de 2 terrasses situ\u00e9es Sud-est (c\u00f4t\u00e9 dunes) et Nord-ouest (c\u00f4t\u00e9 mer) La r\u00e9gion La commune d&rsquo;Ostduinkerke se situe entre Koksijde et Nieupoort en flandre occidentale.Vous trouverez \u00e0 proximit\u00e9 &hellip; <\/p>\n<p class=\"link-more\"><a href=\"https:\/\/www.twentyone.be\/\" class=\"more-link\">Lire la suite de<span class=\"screen-reader-text\">\u00ab\u00a0Une vue imprenable sur la mer du nord.\u00a0\u00bb<\/span><\/a><\/p>\n","protected":false},"author":2,"featured_media":0,"parent":0,"menu_order":0,"comment_status":"closed","ping_status":"closed","template":"","meta":{"inspiro_hide_title":false,"footnotes":""},"class_list":["post-9","page","type-page","status-publish","hentry"],"_links":{"self":[{"href":"https:\/\/www.twentyone.be\/index.php\/wp-json\/wp\/v2\/pages\/9","targetHints":{"allow":["GET"]}}],"collection":[{"href":"https:\/\/www.twentyone.be\/index.php\/wp-json\/wp\/v2\/pages"}],"about":[{"href":"https:\/\/www.twentyone.be\/index.php\/wp-json\/wp\/v2\/types\/page"}],"author":[{"embeddable":true,"href":"https:\/\/www.twentyone.be\/index.php\/wp-json\/wp\/v2\/users\/2"}],"replies":[{"embeddable":true,"href":"https:\/\/www.twentyone.be\/index.php\/wp-json\/wp\/v2\/comments?post=9"}],"version-history":[{"count":33,"href":"https:\/\/www.twentyone.be\/index.php\/wp-json\/wp\/v2\/pages\/9\/revisions"}],"predecessor-version":[{"id":346,"href":"https:\/\/www.twentyone.be\/index.php\/wp-json\/wp\/v2\/pages\/9\/revisions\/346"}],"wp:attachment":[{"href":"https:\/\/www.twentyone.be\/index.php\/wp-json\/wp\/v2\/media?parent=9"}],"curies":[{"name":"wp","href":"https:\/\/api.w.org\/{rel}","templated":true}]}}