{"id":115,"date":"2023-08-05T18:52:14","date_gmt":"2023-08-05T16:52:14","guid":{"rendered":"http:\/\/www.louezmoi.es\/?page_id=115"},"modified":"2025-06-17T17:55:07","modified_gmt":"2025-06-17T15:55:07","slug":"descriptif","status":"publish","type":"page","link":"https:\/\/www.twentyone.be\/index.php\/descriptif\/","title":{"rendered":"Descriptif"},"content":{"rendered":"\n<p>Appartement de 80 m2, meubl\u00e9 ,qui vous surprendra par sa tranquillit\u00e9, entre mer et nature, dans une r\u00e9sidence calme, \u00e0 50m de la mer.<br>Deux belles terrasses vous offrent une vue superbe sur la mer et sur les dunes.<\/p>\n\n\n\n<center>\n<p>\u00a0<\/p>\n<table style=\"border-collapse: collapse; width: 72.379%; height: 663px;\">\n<tbody>\n<tr style=\"height: 198px;\">\n<td style=\"width: 225.531px; text-align: center; height: 198px; border-style: solid; border-color: #060999;\">\n<p><img loading=\"lazy\" decoding=\"async\" class=\"alignnone size-full wp-image-44\" src=\"https:\/\/www.twentyone.be\/wp-content\/uploads\/2023\/08\/environ.png\" alt=\"\" width=\"120\" height=\"120\" \/><\/p>\n<p><span style=\"font-family: arial, helvetica, sans-serif; font-size: 18pt; color: #000080;\">BATIMENT<\/span><\/p>\n<\/td>\n<td style=\"width: 375.438px; height: 198px; text-align: center; vertical-align: middle; border-style: solid; border-color: #060999;\"><span style=\"font-family: arial, helvetica, sans-serif; font-size: 14pt; color: #000080;\">Environnement calme et reposant<\/span><br \/><br \/><span style=\"font-family: arial, helvetica, sans-serif; font-size: 14pt; color: #000080;\">Ascenseur<\/span><\/td>\n<\/tr>\n<tr style=\"height: 282px;\">\n<td style=\"width: 225.531px; text-align: center; height: 282px; border-style: solid; border-color: #060999;\">\n<p><img loading=\"lazy\" decoding=\"async\" class=\"alignnone size-full wp-image-35\" src=\"https:\/\/www.twentyone.be\/wp-content\/uploads\/2023\/08\/maison.png\" alt=\"\" width=\"120\" height=\"120\" \/><\/p>\n<p><span style=\"font-family: arial, helvetica, sans-serif; font-size: 18pt; color: #000080;\">APPARTEMENT<\/span><\/p>\n<\/td>\n<td style=\"width: 375.438px; height: 282px; text-align: center; vertical-align: middle; border-style: solid; border-color: #060999;\">\n<p><span style=\"font-family: arial, helvetica, sans-serif; font-size: 14pt; color: #000080;\">Grand salon\/salle \u00e0 manger<\/span><br \/><span style=\"font-family: arial, helvetica, sans-serif; color: #000080; font-size: 14pt;\">Cuisine enti\u00e8rement \u00e9quip\u00e9e<\/span><br \/><span style=\"font-family: arial, helvetica, sans-serif; color: #000080; font-size: 14pt;\">1 Chambre lit double<\/span><br \/><span style=\"font-family: arial, helvetica, sans-serif; color: #000080; font-size: 14pt;\">Salle de bain (baignoire avec douche, lavabo)<br \/>WC ind\u00e9pendant<br \/><\/span><span style=\"font-family: arial, helvetica, sans-serif; color: #000080; font-size: 14pt;\">2 Terrasses expos\u00e9es nord et sud .<br \/><\/span><\/p>\n<\/td>\n<\/tr>\n<tr style=\"height: 183px;\">\n<td style=\"width: 225.531px; text-align: center; height: 183px; border-style: solid; border-color: #060999;\">\n<p><img loading=\"lazy\" decoding=\"async\" class=\"alignnone size-full wp-image-34\" src=\"https:\/\/www.twentyone.be\/wp-content\/uploads\/2023\/08\/equip.png\" alt=\"\" width=\"120\" height=\"120\" \/><\/p>\n<p><span style=\"font-family: arial, helvetica, sans-serif; font-size: 18pt; color: #000080;\">EQUIPEMENTS<\/span><\/p>\n<\/td>\n<td style=\"width: 375.438px; height: 183px; text-align: center; vertical-align: middle; border-style: solid; border-color: #060999;\"><span style=\"font-family: arial, helvetica, sans-serif; font-size: 14pt; color: #000080;\">Chauffage<\/span><br \/><span style=\"font-family: arial, helvetica, sans-serif; font-size: 14pt; color: #000080;\">Wifi gratuit<br \/>T\u00e9l\u00e9vision IPTV &#8211; Netflix<\/span><\/td>\n<\/tr>\n<\/tbody>\n<\/table>\n<p>\u00a0<\/p>\n<\/center>\n","protected":false},"excerpt":{"rendered":"<p>Appartement de 80 m2, meubl\u00e9 ,qui vous surprendra par sa tranquillit\u00e9, entre mer et nature, dans une r\u00e9sidence calme, \u00e0 50m de la mer.Deux belles terrasses vous offrent une vue superbe sur la mer et sur les dunes. \u00a0 BATIMENT Environnement calme et reposant Ascenseur APPARTEMENT Grand salon\/salle \u00e0 mangerCuisine enti\u00e8rement \u00e9quip\u00e9e1 Chambre lit doubleSalle &hellip; <\/p>\n<p class=\"link-more\"><a href=\"https:\/\/www.twentyone.be\/index.php\/descriptif\/\" class=\"more-link\">Lire la suite de<span class=\"screen-reader-text\">\u00ab\u00a0Descriptif\u00a0\u00bb<\/span><\/a><\/p>\n","protected":false},"author":1,"featured_media":0,"parent":0,"menu_order":0,"comment_status":"closed","ping_status":"closed","template":"","meta":{"inspiro_hide_title":false,"footnotes":""},"class_list":["post-115","page","type-page","status-publish","hentry"],"_links":{"self":[{"href":"https:\/\/www.twentyone.be\/index.php\/wp-json\/wp\/v2\/pages\/115","targetHints":{"allow":["GET"]}}],"collection":[{"href":"https:\/\/www.twentyone.be\/index.php\/wp-json\/wp\/v2\/pages"}],"about":[{"href":"https:\/\/www.twentyone.be\/index.php\/wp-json\/wp\/v2\/types\/page"}],"author":[{"embeddable":true,"href":"https:\/\/www.twentyone.be\/index.php\/wp-json\/wp\/v2\/users\/1"}],"replies":[{"embeddable":true,"href":"https:\/\/www.twentyone.be\/index.php\/wp-json\/wp\/v2\/comments?post=115"}],"version-history":[{"count":8,"href":"https:\/\/www.twentyone.be\/index.php\/wp-json\/wp\/v2\/pages\/115\/revisions"}],"predecessor-version":[{"id":348,"href":"https:\/\/www.twentyone.be\/index.php\/wp-json\/wp\/v2\/pages\/115\/revisions\/348"}],"wp:attachment":[{"href":"https:\/\/www.twentyone.be\/index.php\/wp-json\/wp\/v2\/media?parent=115"}],"curies":[{"name":"wp","href":"https:\/\/api.w.org\/{rel}","templated":true}]}}